{"id":33,"date":"2014-11-10T18:21:38","date_gmt":"2014-11-10T18:21:38","guid":{"rendered":"http:\/\/www.anasacjardin.cl\/profesionales\/?page_id=33"},"modified":"2022-08-29T15:41:20","modified_gmt":"2022-08-29T19:41:20","slug":"semillas-de-prado","status":"publish","type":"page","link":"https:\/\/www.anasacjardin.cl\/profesionales\/semillas-de-prado\/","title":{"rendered":"Semillas de Prado"},"content":{"rendered":"<p>El t\u00e9rmino turf se utiliza para referirse a la cobertura vegetal formada por plantas individuales de c\u00e9sped, m\u00e1s la capa superior de tierra que contiene sus ra\u00edces y\/o rizomas. Por otra parte, el termino turfgrass, se utiliza para hablar solamente de la comunidad de plantas que conforman la alfombra (sin la capa de suelo).<\/p>\n<p>Usualmente, se define que una planta o c\u00e9sped tiene una buena calidad \u00abturf\u00bb, cuando se emplean los \u00faltimos avances tecnol\u00f3gicos, para mejorar cada una de las especies y variedades, con el objetivo de lograr un buen establecimiento, resistencia de enfermedades, entre otras caracter\u00edsticas.<\/p>\n<p>En espa\u00f1ol no existe una definici\u00f3n exacta para ambos t\u00e9rminos, por lo que usamos la palabra en ingl\u00e9s o la traducimos en t\u00e9rminos generales como c\u00e9sped o c\u00e9spedes.<\/p>\n","protected":false},"excerpt":{"rendered":"<p>El t\u00e9rmino turf se utiliza para referirse a la cobertura vegetal formada por plantas individuales de c\u00e9sped, m\u00e1s la capa superior de tierra que contiene sus ra\u00edces y\/o rizomas. Por otra parte, el termino turfgrass, se utiliza para hablar solamente de la comunidad de plantas que conforman la alfombra (sin la capa de suelo). Usualmente, [&hellip;]<\/p>\n","protected":false},"author":1,"featured_media":2272,"parent":0,"menu_order":0,"comment_status":"open","ping_status":"open","template":"","meta":{"footnotes":""},"class_list":["post-33","page","type-page","status-publish","has-post-thumbnail","hentry"],"acf":[],"aioseo_notices":[],"_links":{"self":[{"href":"https:\/\/www.anasacjardin.cl\/profesionales\/wp-json\/wp\/v2\/pages\/33","targetHints":{"allow":["GET"]}}],"collection":[{"href":"https:\/\/www.anasacjardin.cl\/profesionales\/wp-json\/wp\/v2\/pages"}],"about":[{"href":"https:\/\/www.anasacjardin.cl\/profesionales\/wp-json\/wp\/v2\/types\/page"}],"author":[{"embeddable":true,"href":"https:\/\/www.anasacjardin.cl\/profesionales\/wp-json\/wp\/v2\/users\/1"}],"replies":[{"embeddable":true,"href":"https:\/\/www.anasacjardin.cl\/profesionales\/wp-json\/wp\/v2\/comments?post=33"}],"version-history":[{"count":6,"href":"https:\/\/www.anasacjardin.cl\/profesionales\/wp-json\/wp\/v2\/pages\/33\/revisions"}],"predecessor-version":[{"id":2456,"href":"https:\/\/www.anasacjardin.cl\/profesionales\/wp-json\/wp\/v2\/pages\/33\/revisions\/2456"}],"wp:featuredmedia":[{"embeddable":true,"href":"https:\/\/www.anasacjardin.cl\/profesionales\/wp-json\/wp\/v2\/media\/2272"}],"wp:attachment":[{"href":"https:\/\/www.anasacjardin.cl\/profesionales\/wp-json\/wp\/v2\/media?parent=33"}],"curies":[{"name":"wp","href":"https:\/\/api.w.org\/{rel}","templated":true}]}}