{"id":2399,"date":"2022-08-03T18:18:10","date_gmt":"2022-08-03T22:18:10","guid":{"rendered":"https:\/\/www.anasacjardin.cl\/profesionales\/?page_id=2399"},"modified":"2022-08-17T17:02:51","modified_gmt":"2022-08-17T21:02:51","slug":"contactenos","status":"publish","type":"page","link":"https:\/\/www.anasacjardin.cl\/profesionales\/contactenos\/","title":{"rendered":"Cont\u00e1ctenos"},"content":{"rendered":"<p>Para poder abordar su consulta de mejor manera y m\u00e1s espec\u00edficamente, es muy importante para nosotros que se pueda identificar en alguna de las categor\u00edas de clientes que se presentan. Gracias.<\/p>\n","protected":false},"excerpt":{"rendered":"<p>Para poder abordar su consulta de mejor manera y m\u00e1s espec\u00edficamente, es muy importante para nosotros que se pueda identificar en alguna de las categor\u00edas de clientes que se presentan. Gracias.<\/p>\n","protected":false},"author":1,"featured_media":0,"parent":0,"menu_order":0,"comment_status":"closed","ping_status":"closed","template":"page-contacto.php","meta":{"footnotes":""},"class_list":["post-2399","page","type-page","status-publish","hentry"],"acf":[],"aioseo_notices":[],"_links":{"self":[{"href":"https:\/\/www.anasacjardin.cl\/profesionales\/wp-json\/wp\/v2\/pages\/2399","targetHints":{"allow":["GET"]}}],"collection":[{"href":"https:\/\/www.anasacjardin.cl\/profesionales\/wp-json\/wp\/v2\/pages"}],"about":[{"href":"https:\/\/www.anasacjardin.cl\/profesionales\/wp-json\/wp\/v2\/types\/page"}],"author":[{"embeddable":true,"href":"https:\/\/www.anasacjardin.cl\/profesionales\/wp-json\/wp\/v2\/users\/1"}],"replies":[{"embeddable":true,"href":"https:\/\/www.anasacjardin.cl\/profesionales\/wp-json\/wp\/v2\/comments?post=2399"}],"version-history":[{"count":7,"href":"https:\/\/www.anasacjardin.cl\/profesionales\/wp-json\/wp\/v2\/pages\/2399\/revisions"}],"predecessor-version":[{"id":2437,"href":"https:\/\/www.anasacjardin.cl\/profesionales\/wp-json\/wp\/v2\/pages\/2399\/revisions\/2437"}],"wp:attachment":[{"href":"https:\/\/www.anasacjardin.cl\/profesionales\/wp-json\/wp\/v2\/media?parent=2399"}],"curies":[{"name":"wp","href":"https:\/\/api.w.org\/{rel}","templated":true}]}}